{"id":6982,"date":"2023-01-17T20:54:26","date_gmt":"2023-01-17T18:54:26","guid":{"rendered":"https:\/\/imnusshof.ch\/wp\/?page_id=6982"},"modified":"2023-03-30T14:15:49","modified_gmt":"2023-03-30T12:15:49","slug":"deeplwrite","status":"publish","type":"page","link":"https:\/\/imnusshof.ch\/wp\/deeplwrite\/","title":{"rendered":"DeeplWrite"},"content":{"rendered":"<p>&rarr; <a href=\"https:\/\/imnusshof.ch\/wp\/\">Home<\/a> &rarr; <a href=\"https:\/\/imnusshof.ch\/wp\/content\/\">Content<\/a><\/p>\n<div style=\"width:100%;height:1px;border-top:1px solid;\"><\/div>\n<p>Bis jetzt haben wir Texte auf dem Umweg der \u00dcber- und R\u00fcck\u00fcbersetzung von Deepl lektorieren lassen &#8211; ab heute 17. Januar 23 \u00fcbernimmt dies &rarr; <a href=\"https:\/\/www.deepl.com\/write\" rel=\"noopener\" target=\"_blank\">Deepl Write<\/a> grad direkt. Ab jetzt schreibt jede\/r fehlerfrei.<\/p>\n<div style=\"width:100%;height:0px;position:relative;padding-bottom:62.392%;\"><iframe loading=\"lazy\" src=\"https:\/\/streamable.com\/e\/8t36b3?loop=0\" frameborder=\"0\" width=\"100%\" height=\"100%\" allowfullscreen style=\"width:100%;height:100%;position:absolute;left:0px;top:0px;overflow:hidden;\"><\/iframe><\/div>\n","protected":false},"excerpt":{"rendered":"<p>&rarr; Home &rarr; Content Bis jetzt haben wir Texte auf dem Umweg der \u00dcber- und R\u00fcck\u00fcbersetzung von Deepl lektorieren lassen &#8211; ab heute 17. Januar 23 \u00fcbernimmt dies &rarr; Deepl [&hellip;]<\/p>\n","protected":false},"author":1,"featured_media":0,"parent":0,"menu_order":0,"comment_status":"closed","ping_status":"closed","template":"","meta":{"ngg_post_thumbnail":0,"episode_type":"","audio_file":"","podmotor_file_id":"","podmotor_episode_id":"","cover_image":"","cover_image_id":"","duration":"","filesize":"","filesize_raw":"","date_recorded":"","explicit":"","block":"","itunes_episode_number":"","itunes_title":"","itunes_season_number":"","itunes_episode_type":"","footnotes":""},"class_list":["post-6982","page","type-page","status-publish","hentry"],"_links":{"self":[{"href":"https:\/\/imnusshof.ch\/wp\/wp-json\/wp\/v2\/pages\/6982","targetHints":{"allow":["GET"]}}],"collection":[{"href":"https:\/\/imnusshof.ch\/wp\/wp-json\/wp\/v2\/pages"}],"about":[{"href":"https:\/\/imnusshof.ch\/wp\/wp-json\/wp\/v2\/types\/page"}],"author":[{"embeddable":true,"href":"https:\/\/imnusshof.ch\/wp\/wp-json\/wp\/v2\/users\/1"}],"replies":[{"embeddable":true,"href":"https:\/\/imnusshof.ch\/wp\/wp-json\/wp\/v2\/comments?post=6982"}],"version-history":[{"count":5,"href":"https:\/\/imnusshof.ch\/wp\/wp-json\/wp\/v2\/pages\/6982\/revisions"}],"predecessor-version":[{"id":6989,"href":"https:\/\/imnusshof.ch\/wp\/wp-json\/wp\/v2\/pages\/6982\/revisions\/6989"}],"wp:attachment":[{"href":"https:\/\/imnusshof.ch\/wp\/wp-json\/wp\/v2\/media?parent=6982"}],"curies":[{"name":"wp","href":"https:\/\/api.w.org\/{rel}","templated":true}]}}