{"id":46,"date":"2020-09-02T06:30:35","date_gmt":"2020-09-02T06:30:35","guid":{"rendered":"https:\/\/imnusshof.ch\/wp\/?page_id=46"},"modified":"2026-02-05T07:53:49","modified_gmt":"2026-02-05T05:53:49","slug":"content","status":"publish","type":"page","link":"https:\/\/imnusshof.ch\/wp\/content\/","title":{"rendered":"CONTENT"},"content":{"rendered":"<p><a href=\"https:\/\/imnusshof.ch\/wp\/wp-admin\"><\/p>\n<div style=\"position:fixed;top:5%;right:1%;border:1px solid;transform:rotate(-10deg);padding:6px 12px;\">Login<\/div>\n<p><\/a><\/p>\n<p>&#9656; <a href=\"https:\/\/imnusshof.ch\/wp\/\">Home<\/a> &#9656; <a href=\"https:\/\/imnusshof.ch\/wp\/about\">About<\/a> &#9656; <a href=\"https:\/\/imnusshof.ch\/wp\/walauft\/\">Events<\/a> &#9656; <a href=\"https:\/\/imnusshof.ch\/wp\/daniel\/\">WP<\/a><\/p>\n<div style=\"width: 100%; height: 1px; border-top: 1px solid; margin: 0 0 16px 0\"><\/div>\n<p>Die PLE (personal learning environment &#8211; webbasierte, pers\u00f6nliche Lehr- und Lernumgebung) ist die unabdingbare Voraussetzung f\u00fcrs orts-, zeit- und lernpartner-unabh\u00e4ngige Lernen, d.h. f\u00fcrs <em>Lernen unterwegs<\/em> &#8211; und das bedeutet wohl ausserhalb der Schule, ausserhalb des Pr\u00e4senzunterrichts. Im wirklich und wahrhaft absoluten Idealfall unterh\u00e4lt jede Klasse, jede Lehrperson, jede Sch\u00fclerin und jeder Sch\u00fcler eine PLE.<\/p>\n<p>F\u00fcr Schulen beginnen die PLE mit der Vergabe von &#9656; <a href=\"https:\/\/onlineftp.ch\/\" target=\"_blank\" rel=\"noopener\">Subdomains<\/a> samt Datenbank f\u00fcr jede Klasse. In jeder dieser Subdomains befinden sich ein Multiuser CMS (eine Multisite &#8211; du liest grad in einer solchen) und gesch\u00fctzte Verzeichnisse f\u00fcr die Sch\u00fclerInnen.<\/p>\n<p>W\u00e4hrend des Pr\u00e4senzunterrichts ist die PLE der Klasse grunds\u00e4tzlich offline, d.h. als PWA (Progressive Web App) ge\u00f6ffnet (gespiegelt) und ausschliesslich mit einem <u><strong><font color=\"crimson\">nicht<\/font><\/strong><\/u> ans schulische WLAN verbundenen Handy von allen frei im Raum bedienbar. <strong>Dieses Handy ist der einzige, aktive Computer im Klassenzimmer.<\/strong><\/p>\n<p><!--\n\n<div style=\"width:100%;height:0px;position:relative;padding-bottom:54.797%;margin-bottom:1rem;\"><iframe loading=\"lazy\" src=\"https:\/\/streamable.com\/e\/59u1k1?loop=0\" frameborder=\"0\" width=\"100%\" height=\"100%\" allowfullscreen style=\"width:100%;height:100%;position:absolute;left:0px;top:0px;overflow:hidden;\"><\/iframe><\/div>\n\n--><\/p>\n<p><script src=\"https:\/\/fast.wistia.com\/embed\/medias\/hz7fdx2au1.jsonp\" async><\/script><script src=\"https:\/\/fast.wistia.com\/assets\/external\/E-v1.js\" async><\/script><!--\n\n<div class=\"wistia_responsive_padding\" style=\"padding:55.94% 0 0 0;position:relative;\">\n\n<div class=\"wistia_responsive_wrapper\" style=\"height:100%;left:0;position:absolute;top:0;width:100%;\"><span class=\"wistia_embed wistia_async_hz7fdx2au1 popover=true videoFoam=true\" style=\"display:inline-block;height:100%;position:relative;width:100%\">&nbsp;<\/span><\/div>\n\n<\/div>\n\n--><\/p>\n<p><!--\n\n<div>\n\n<h2 style=\"padding-bottom:0;margin-bottom:0;\">Generation Bildschirm: Kinder und digitale Medien<\/h2>\n\n\n(&#9656; <a href=\"https:\/\/srf.ch\/puls\" rel=\"noopener\" target=\"_blank\">Puls<\/a> - Sendung vom 18.9.23)<\/div>\n\n--><\/p>\n<div style=\"width:100%;height:1px;border-top:1px solid;margin:40px 0\"><\/div>\n<h2>Organisation<\/h2>\n<p><a href=\"https:\/\/imnusshof.ch\/wp\" target=\"_blank\" rel=\"noopener\"><\/p>\n<div style=\"position:relative;top:10px;left:0;margin:0 0 0px 0;width:20px;height:20px;border:2px solid black;\"><\/div>\n<p><\/a><a href=\"https:\/\/imnusshof.ch\/wp\/gerlinde\/\" target=\"_blank\" rel=\"noopener\"><\/p>\n<div style=\"position:relative;top:0px;left:0;margin-right:4px;float:left;width:20px;height:20px;border:2px solid red;\"><\/div>\n<p><\/a><\/p>\n<div style=\"position:relative;top:0px;left:0;margin-right:4px;float:left;width:20px;height:20px;border:1px solid red;\"><\/div>\n<div style=\"position:relative;top:0px;left:0;margin-right:4px;float:left;width:20px;height:20px;border:1px solid red;\"><\/div>\n<div style=\"position:relative;top:0px;left:0;margin-right:4px;float:left;width:20px;height:20px;border:1px solid red;\"><\/div>\n<div style=\"position:relative;top:0px;left:0;margin-right:4px;float:left;width:10px;height:20px;border-left:1px solid red;border-top:1px solid red;border-bottom:1px solid red;\"><\/div>\n<p><br clear=\"all\"><br \/>\nDie Grafik (in SVG geschrieben) zeigt die einfache Struktur einer PLE auf einem Server &#8211; sowohl die gesch\u00fctzten Verzeichnisse als auch die Multisite) einer Klasse. Dem Hauptordner (schwarz) der Lehrperson(en) sind die Unterordner (rot) der Sch&uuml;lerInnen zugeordnet &#8211; <strong>respektive<\/strong> dem Hauptblog (schwarz) der Klassen- und zugeh\u00f6rigen Fachlehrpersonen sind die Subblogs (rote Quadrate, das 1., dick umrandete = verlinkt zu einem Beispiel) der Sch\u00fclerInnen zugeordnet. <\/p>\n<p>* Eine Multisite (ein Multi User Blog System) besteht aus einem Hauptblog &#8211; du liest eben in diesem Hauptblog &#8211; und x zugeordneten Subblogs:<\/p>\n<ul style=\"padding-left:1.2rem;margin-top:2rem;\">\n<li>&#9656; <a href=\"https:\/\/imnusshof.ch\/wp\/gerlinde\/\" rel=\"noopener\" target=\"_blank\">PLE einer Sch\u00fclerin<\/a>\n<li>&#9656; <a href=\"https:\/\/imnusshof.ch\/wp\/chor\/\" rel=\"noopener\" target=\"_blank\">Pod\/VodCast<\/a>\n<li>&#9656; <a href=\"https:\/\/imnusshof.ch\/wp\/roadster\/\" rel=\"noopener\" target=\"_blank\">Roadster<\/a>\n<li>&#9656; <a href=\"https:\/\/imnusshof.ch\/wp\/berlin\/\" rel=\"noopener\" target=\"_blank\">B\u00e4rlin!<\/a>\n<li>&#9656; <a href=\"https:\/\/imnusshof.ch\/wp\/bjork\/\" rel=\"noopener\" target=\"_blank\">Binz!<\/a><br \/>\n<!--\n\n<li>&#9656; <a href=\"https:\/\/imnusshof.ch\/wp\/ferie\/\" rel=\"noopener\" target=\"_blank\">S\u00fcden<\/a>-->\n<\/ul>\n<p><!--\n\n<div style=\"width: 100%; height: 40px; border-top: 0px solid; margin: 0\"><\/div>\n\n--><\/p>\n<div style=\"width: 100%; height: 40px; border-top: 1px solid; margin: 16px 0 40px 0\"><\/div>\n<p>Vermutlich solltest du nun zuerst das &#9656; <a href=\"https:\/\/imnusshof.ch\/wp\/about\/\">About<\/a> lesen, bevor du dich mit den nachfolgenden Links besch\u00e4ftigst. Diese f\u00fchren zuerst zu ein paar wenigen (Beispiel-) Subblogs dieser Multisite, und weiter unten zu m\u00f6glichen L\u00f6sungen irgendwelcher Probleme. Diese L\u00f6sungen sind weder speziell geordnet noch sonstwie, decken aber wohl die meisten Probleme im Zusammenhang mit dem Lernen unter digitalen Bedingungen ab.<\/p>\n<form role=\"search\" method=\"get\" class=\"search-form\" action=\"https:\/\/imnusshof.ch\/wp\/\">\n\t\t\t\t<label>\n\t\t\t\t\t<span class=\"screen-reader-text\">Suche nach:<\/span>\n\t\t\t\t\t<input type=\"search\" class=\"search-field\" placeholder=\"Suchen\u00a0\u2026\" value=\"\" name=\"s\" \/>\n\t\t\t\t<\/label>\n\t\t\t\t<input type=\"submit\" class=\"search-submit\" value=\"Suchen\" \/>\n\t\t\t<input type=\"hidden\" name=\"id\" value=\"2764\" \/><\/form>\n<hr>\n<div style ='background:white;width:100%;height:800px;'><iframe style= \"position:relative;border:none;width:100%;height:800px;\" src=\"https:\/\/www.learningsnacks.de\/embed\/482447\/36f16c75dbf75b65ddb520e75b62fa864a58915c\"><\/iframe><\/div>\n<ul style=\"visibility:;padding-left:2rem;\">\n<li>&#9656; <a href=\"https:\/\/imnusshof.ch\/wp\/sql-select-video\/\">PHP Code Snippets<\/a>\n<li>&#9656; <a href=\"https:\/\/imnusshof.ch\/wp\/socialmedia\/\">Asoziale Medien<\/a>\n<li>&#9656; <a href=\"https:\/\/imnusshof.ch\/wp\/klausur\/\">Klausur<\/a>\n<li>&#9656; <a href=\"https:\/\/imnusshof.ch\/wp\/code-snippets\/\">Code Snippets<\/a>\n<li>&#9656; <a href=\"https:\/\/imnusshof.ch\/wp\/pastebin\/\">Pastebin<\/a>\n<li>&#9656; <a href=\"https:\/\/imnusshof.ch\/wp\/ios-app\/\">iOS App<\/a>\n<li>&#9656; <a href=\"https:\/\/thaynger.ch\/python\/text2speech.php\" target=\"_blank\">Text 2 Speech<\/a>\n<li>Code Snippets \u2192 <a href=\"https:\/\/imnusshof.ch\/wp\/code-snippets\/\">go<\/a><\/li>\n<li>PHP Rechner \u2192 <a href=\"https:\/\/imnusshof.ch\/wp\/taschenrechner\/\">go<\/a><\/li>\n<li>Deepl Write \u2192 <a href=\"https:\/\/imnusshof.ch\/wp\/deeplwrite\/\">go<\/a><\/li>\n<li>GPT-3 Text Creator \u2192 <a href=\"https:\/\/imnusshof.ch\/wp\/gpt-3-text-creator\/\">go<\/a><\/li>\n<li>AI Text Generator \u2192 <a href=\"https:\/\/imnusshof.ch\/wp\/ai-text-generator\/\">go<\/a><\/li>\n<li>txteditor \u2192 <a href=\"https:\/\/imnusshof.ch\/wp\/txt\/\">go<\/a><\/li>\n<li>Teleprompter \u2192 <a href=\"https:\/\/imnusshof.ch\/wp\/teleprompter\/\">go<\/a><\/li>\n<li>Adventskalender \u2192 <a href=\"https:\/\/imnusshof.ch\/wp\/adventskalender\/\">go<\/a><\/li>\n<li>Chat with me: \u2192 <a href=\" https:\/\/imnusshof.ch\/wp\/ajax-chat-2\/\">go<\/a><\/li>\n<li>Audio Call: \u2192 <a href=\"https:\/\/mornin.fm\/lernenunterwegs\" target=\"_blank\" rel=\"noopener\">go<\/a><\/li>\n<li>Video Call: \u2192 <a href=\"https:\/\/imnusshof.ch\/wp\/google-duo\/\">go<\/a><\/li>\n<li>Videokonferenz: \u2192 <a href=\"https:\/\/imnusshof.ch\/wp\/videokonferenz\/\">go<\/a><\/li>\n<li>Radio: \u2192 <a href=\"https:\/\/imnusshof.ch\/wp\/radio\/\">go<\/a><\/li>\n<li>Sprachen zum und im Internet: \u2192 <a href=\"https:\/\/imnusshof.ch\/wp\/scriptsprachen\/\">go<\/a><\/li>\n<li>HTML, Beispiel Alert Box: \u2192 <a href=\"https:\/\/imnusshof.ch\/wp\/alert\/\">go<\/a><\/li>\n<li>HTML, Beispiel Image Map: \u2192 <a href=\"https:\/\/imnusshof.ch\/wp\/image-map\/\">go<\/a><\/li>\n<li>CSS, Beispiel Keyframes: \u2192 <a href=\"https:\/\/imnusshof.ch\/wp\/keyframes\/\">go<\/a><\/li>\n<li>PHP: \u2192 <a href=\"https:\/\/imnusshof.ch\/wp\/php\/\">go<\/a><\/li>\n<li>PHP, Beispiel Background: \u2192 <a href=\"https:\/\/imnusshof.ch\/wp\/background\/\">go<\/a><\/li>\n<li>MySQL Database: \u2192 <a href=\"https:\/\/imnusshof.ch\/db\/select.php\" target=\"_blank\" rel=\"noopener noreferrer\">go<\/a><\/li>\n<li>Storage: \u2192 <a href=\"https:\/\/imnusshof.ch\/wp\/storage\/\">go<\/a><\/li>\n<p> \t<!--\n\n<li>Local Storage: \u2192 <a href=\"https:\/\/imnusshof.ch\/wp\/localstorage\/\">go<\/a><\/li>\n\n--><\/p>\n<li>Cloud Mega: \u2192 <a href=\"https:\/\/imnusshof.ch\/wp\/mega\/\">go<\/a><\/li>\n<li>wetransfer: &rarr; <a href=\"https:\/\/imnusshof.ch\/wp\/wetransfer\/\">go<\/a><\/li>\n<li>Programmieren: \u2192 <a href=\"https:\/\/imnusshof.ch\/wp\/programming\/\">go<\/a><\/li>\n<li>Python goes HTML: \u2192 <a href=\"https:\/\/imnusshof.ch\/wp\/pythongoeshtml\/\">go<\/a><\/li>\n<li>Quick Note: \u2192 <a href=\"https:\/\/imnusshof.ch\/wp\/quicknote\/\">go<\/a><\/li>\n<li>Telegra.ph: \u2192 <a href=\"https:\/\/imnusshof.ch\/wp\/telegra-ph\/\">go<\/a><\/li>\n<li>Schreiben, \u00fcbersetzen, lesen, sprechen, aufnehmen: \u2192 <a href=\"https:\/\/imnusshof.ch\/wp\/record\/\">go<\/a><\/li>\n<li>LaTeX: \u2192 <a href=\"https:\/\/imnusshof.ch\/wp\/latex\/\">go<\/a><\/li>\n<li>MathML: \u2192 <a href=\"https:\/\/imnusshof.ch\/wp\/mathml\/\">go<\/a><\/li>\n<li>Gleichungsl\u00f6ser: \u2192 <a href=\"https:\/\/imnusshof.ch\/wp\/gleichungsloeser\/\">go<\/a><\/li>\n<li>Arbeitsblatt online gestalten: \u2192 <a href=\"https:\/\/imnusshof.ch\/wp\/arbeitsblatt\/\">go<\/a><\/li>\n<li>Fotografieren: \u2192 <a href=\"https:\/\/imnusshof.ch\/wp\/bilder\/\">go<\/a><\/li>\n<li>Filmen, Konfektionieren, Teilen: \u2192 <a href=\"https:\/\/imnusshof.ch\/wp\/reeldirector\/\">go<\/a><\/li>\n<li>Das WP Plugin Vimeotheque: \u2192 <a href=\"https:\/\/imnusshof.ch\/wp\/blog\/vimeo-video\/fast-short-movie\/\">go<\/a><\/li>\n<li>Screencasting: \u2192 <a href=\"https:\/\/imnusshof.ch\/wp\/screencasting\/\">go<\/a><\/li>\n<li>Video &#8211; Wistia: \u2192 <a href=\"https:\/\/imnusshof.ch\/wp\/wistia\/\">go<\/a><\/li>\n<li>Video &#8211; Streamable: \u2192 <a href=\"https:\/\/imnusshof.ch\/wp\/streamable\/\">go<\/a><\/li>\n<li>Kalkulation: \u2192 <a href=\"https:\/\/imnusshof.ch\/wp\/calculate\/\">go<\/a><\/li>\n<li>CSS Animation: \u2192 <a href=\"https:\/\/imnusshof.ch\/wp\/css-keyframes-animation\/\">go<\/a><\/li>\n<li>Canvas Paint: \u2192 <a href=\"https:\/\/imnusshof.ch\/canvas\/paint-fullwindow.htm\" target=\"_blank\" rel=\"noopener noreferrer\">go<\/a><\/li>\n<li>Type Constraint: \u2192 <a href=\"https:\/\/type.constraint.systems\/\" target=\"_blank\" rel=\"noopener noreferrer\">go<\/a><\/li>\n<li>SVG: \u2192 <a href=\"https:\/\/imnusshof.ch\/wp\/svg\/\">go<\/a><\/li>\n<li>Popup: \u2192 <a href=\"https:\/\/imnusshof.ch\/wp\/js-popup\/\">go<\/a><\/li>\n<li>Twitter: \u2192 <a href=\"https:\/\/imnusshof.ch\/wp\/periscope\/\">go<\/a><\/li>\n<li>SWITCH MEET: \u2192 <a href=\"https:\/\/imnusshof.ch\/wp\/switch-meet\/\">go<\/a><\/li>\n<li>Hybrider Unterricht: \u2192 <a href=\"https:\/\/imnusshof.ch\/wp\/hypbrid\/\">go<\/a><\/li>\n<li>H5P: Beispiel Juxtaposition: \u2192 <a href=\"https:\/\/imnusshof.ch\/wp\/h5p-juxtaposition\/\">go<\/a><\/li>\n<li>Flashcards: \u2192 <a href=\"https:\/\/imnusshof.ch\/wp\/flashcard\">go<\/a><\/li>\n<li>Kommentare in Social Media: \u2192 <a href=\"https:\/\/imnusshof.ch\/wp\/kommentare-in-social-media\/\" target=\"_blank\" rel=\"noopener\">go<\/a><\/li>\n<\/ul>\n<p><script>\nfunction myFunction1() {\n    var myWindow = window.open(\"https:\/\/imnusshof.ch\/index-vk.php\", \"_blank\", \"width=600, height=600, screenX=40, screenY=40\");\n}\n<\/script><\/p>\n<style>\nli {padding-bottom:.5rem;}\nul {margin-left:-20px;}\n<\/style>\n","protected":false},"excerpt":{"rendered":"<p>Login &#9656; Home &#9656; About &#9656; Events &#9656; WP Die PLE (personal learning environment &#8211; webbasierte, pers\u00f6nliche Lehr- und Lernumgebung) ist die unabdingbare Voraussetzung f\u00fcrs orts-, zeit- und lernpartner-unabh\u00e4ngige Lernen, [&hellip;]<\/p>\n","protected":false},"author":1,"featured_media":0,"parent":0,"menu_order":0,"comment_status":"closed","ping_status":"closed","template":"","meta":{"ngg_post_thumbnail":0,"episode_type":"","audio_file":"","podmotor_file_id":"","podmotor_episode_id":"","cover_image":"","cover_image_id":"","duration":"","filesize":"","filesize_raw":"","date_recorded":"","explicit":"","block":"","itunes_episode_number":"","itunes_title":"","itunes_season_number":"","itunes_episode_type":"","footnotes":""},"class_list":["post-46","page","type-page","status-publish","hentry"],"_links":{"self":[{"href":"https:\/\/imnusshof.ch\/wp\/wp-json\/wp\/v2\/pages\/46","targetHints":{"allow":["GET"]}}],"collection":[{"href":"https:\/\/imnusshof.ch\/wp\/wp-json\/wp\/v2\/pages"}],"about":[{"href":"https:\/\/imnusshof.ch\/wp\/wp-json\/wp\/v2\/types\/page"}],"author":[{"embeddable":true,"href":"https:\/\/imnusshof.ch\/wp\/wp-json\/wp\/v2\/users\/1"}],"replies":[{"embeddable":true,"href":"https:\/\/imnusshof.ch\/wp\/wp-json\/wp\/v2\/comments?post=46"}],"version-history":[{"count":687,"href":"https:\/\/imnusshof.ch\/wp\/wp-json\/wp\/v2\/pages\/46\/revisions"}],"predecessor-version":[{"id":8167,"href":"https:\/\/imnusshof.ch\/wp\/wp-json\/wp\/v2\/pages\/46\/revisions\/8167"}],"wp:attachment":[{"href":"https:\/\/imnusshof.ch\/wp\/wp-json\/wp\/v2\/media?parent=46"}],"curies":[{"name":"wp","href":"https:\/\/api.w.org\/{rel}","templated":true}]}}