{"id":2616,"date":"2021-05-14T05:34:37","date_gmt":"2021-05-14T04:34:37","guid":{"rendered":"https:\/\/imnusshof.ch\/wp\/?page_id=2616"},"modified":"2021-06-15T09:12:47","modified_gmt":"2021-06-15T08:12:47","slug":"telegra-ph","status":"publish","type":"page","link":"https:\/\/imnusshof.ch\/wp\/telegra-ph\/","title":{"rendered":"telegra.ph"},"content":{"rendered":"<p>&rarr; <a href=\"https:\/\/imnusshof.ch\/wp\/\">Home<\/a> &rarr; <a href=\"https:\/\/imnusshof.ch\/wp\/content\/\">Content<\/a><\/p>\n<div style=\"width:100%;height:1px;border-top:1px solid;\"><\/div>\n<p>&rarr; <a href=\"https:\/\/telegra.ph\/PLE-05-14\" target=\"_blank\" rel=\"noopener\">Beispiel<\/a><\/p>\n<p>Die Gr\u00fcnder des kostenlosen Messengers Telegram f\u00fchrten Ende 2016 mit \u201eTelegra.ph\u201c ein Tool f\u00fcr das schnelle Ver\u00f6ffentlichen von Texten, Videos und Bildern ein. Die Blogging-Funktion ist \u00fcber die Publishing-Seite telegra.ph abrufbar und l\u00e4dt zum sofortigen Loslegen ein. Drei Jahre sp\u00e4ter f\u00fchrt der Dienst noch immer ein Nischendasein \u2013 dabei birgt er durch sein Einfachheit viel Potenzial.<\/p>\n<p>Liste ausgew\u00e4hlter Telegraphs<\/p>\n<ul>\n<li><a href=\"https:\/\/telegra.ph\/Medien--Informatik-06-15\">Medien &#038; Informatik<\/a>\n<li><a href=\"https:\/\/telegra.ph\/PLE-05-14\">PLE<\/a>\n<li><a href=\"https:\/\/telegra.ph\/Voyeur-05-20\">Voyeur<\/a>\n<li><a href=\"https:\/\/telegra.ph\/while-05-29-3\">while<\/a>\n<li><a href=\"https:\/\/telegra.ph\/Remote-Drive-for-Mac-Pro-06-08\">Remote for Mac<\/a>\n<li><a href=\"https:\/\/telegra.ph\/iOS-15-06-09\">iOS 15<\/a>\n<\/ul>\n","protected":false},"excerpt":{"rendered":"<p>&rarr; Home &rarr; Content &rarr; Beispiel Die Gr\u00fcnder des kostenlosen Messengers Telegram f\u00fchrten Ende 2016 mit \u201eTelegra.ph\u201c ein Tool f\u00fcr das schnelle Ver\u00f6ffentlichen von Texten, Videos und Bildern ein. Die [&hellip;]<\/p>\n","protected":false},"author":1,"featured_media":0,"parent":0,"menu_order":0,"comment_status":"closed","ping_status":"closed","template":"","meta":{"ngg_post_thumbnail":0,"episode_type":"","audio_file":"","podmotor_file_id":"","podmotor_episode_id":"","cover_image":"","cover_image_id":"","duration":"","filesize":"","filesize_raw":"","date_recorded":"","explicit":"","block":"","itunes_episode_number":"","itunes_title":"","itunes_season_number":"","itunes_episode_type":"","footnotes":""},"class_list":["post-2616","page","type-page","status-publish","hentry"],"_links":{"self":[{"href":"https:\/\/imnusshof.ch\/wp\/wp-json\/wp\/v2\/pages\/2616","targetHints":{"allow":["GET"]}}],"collection":[{"href":"https:\/\/imnusshof.ch\/wp\/wp-json\/wp\/v2\/pages"}],"about":[{"href":"https:\/\/imnusshof.ch\/wp\/wp-json\/wp\/v2\/types\/page"}],"author":[{"embeddable":true,"href":"https:\/\/imnusshof.ch\/wp\/wp-json\/wp\/v2\/users\/1"}],"replies":[{"embeddable":true,"href":"https:\/\/imnusshof.ch\/wp\/wp-json\/wp\/v2\/comments?post=2616"}],"version-history":[{"count":11,"href":"https:\/\/imnusshof.ch\/wp\/wp-json\/wp\/v2\/pages\/2616\/revisions"}],"predecessor-version":[{"id":2858,"href":"https:\/\/imnusshof.ch\/wp\/wp-json\/wp\/v2\/pages\/2616\/revisions\/2858"}],"wp:attachment":[{"href":"https:\/\/imnusshof.ch\/wp\/wp-json\/wp\/v2\/media?parent=2616"}],"curies":[{"name":"wp","href":"https:\/\/api.w.org\/{rel}","templated":true}]}}