{"id":1139,"date":"2024-03-31T08:11:19","date_gmt":"2024-03-31T06:11:19","guid":{"rendered":"https:\/\/imnusshof.ch\/wp\/gerlinde\/?page_id=1139"},"modified":"2024-03-31T08:17:49","modified_gmt":"2024-03-31T06:17:49","slug":"pwa","status":"publish","type":"page","link":"https:\/\/imnusshof.ch\/wp\/gerlinde\/pwa\/","title":{"rendered":"PWA"},"content":{"rendered":"<h3>Progressive Web App<\/h3>\n<p><em>Eine Progressive Web App (PWA) ist eine Website, die zahlreiche Merkmale besitzt, die bislang nativen Apps vorbehalten waren. Sie kann daher auch als Symbiose aus einer responsiven Webseite und einer App beschrieben werden. Progressive Web Apps k\u00f6nnen wie eine Webseite mit HTML5, CSS3 und JavaScript erstellt werden. Zus\u00e4tzlich dienen sogenannte Service Worker durch optimiertes Caching den Offline-Funktionalit\u00e4ten. Zur Kommunikation zwischen Webclient und Webserver ist das HTTPS-Protokoll vorgeschrieben. [&#9656; <a href=\"https:\/\/de.wikipedia.org\/wiki\/Progressive_Web_App\" rel=\"noopener\" target=\"_blank\">Wikipedia<\/a>]<\/em><\/p>\n<hr>\n<p>&#9656; <a href=\"https:\/\/imnusshof.ch\/wp\/gerlinde\/content\">content<\/a><\/p>\n","protected":false},"excerpt":{"rendered":"<p>Progressive Web App Eine Progressive Web App (PWA) ist eine Website, die zahlreiche Merkmale besitzt, die bislang nativen Apps vorbehalten waren. Sie kann daher auch als Symbiose aus einer responsiven [&hellip;]<\/p>\n","protected":false},"author":1,"featured_media":0,"parent":0,"menu_order":0,"comment_status":"closed","ping_status":"closed","template":"","meta":{"ngg_post_thumbnail":0,"episode_type":"","audio_file":"","podmotor_file_id":"","podmotor_episode_id":"","cover_image":"","cover_image_id":"","duration":"","filesize":"","filesize_raw":"","date_recorded":"","explicit":"","block":"","itunes_episode_number":"","itunes_title":"","itunes_season_number":"","itunes_episode_type":"","footnotes":""},"class_list":["post-1139","page","type-page","status-publish","hentry"],"_links":{"self":[{"href":"https:\/\/imnusshof.ch\/wp\/gerlinde\/wp-json\/wp\/v2\/pages\/1139","targetHints":{"allow":["GET"]}}],"collection":[{"href":"https:\/\/imnusshof.ch\/wp\/gerlinde\/wp-json\/wp\/v2\/pages"}],"about":[{"href":"https:\/\/imnusshof.ch\/wp\/gerlinde\/wp-json\/wp\/v2\/types\/page"}],"author":[{"embeddable":true,"href":"https:\/\/imnusshof.ch\/wp\/gerlinde\/wp-json\/wp\/v2\/users\/1"}],"replies":[{"embeddable":true,"href":"https:\/\/imnusshof.ch\/wp\/gerlinde\/wp-json\/wp\/v2\/comments?post=1139"}],"version-history":[{"count":4,"href":"https:\/\/imnusshof.ch\/wp\/gerlinde\/wp-json\/wp\/v2\/pages\/1139\/revisions"}],"predecessor-version":[{"id":1144,"href":"https:\/\/imnusshof.ch\/wp\/gerlinde\/wp-json\/wp\/v2\/pages\/1139\/revisions\/1144"}],"wp:attachment":[{"href":"https:\/\/imnusshof.ch\/wp\/gerlinde\/wp-json\/wp\/v2\/media?parent=1139"}],"curies":[{"name":"wp","href":"https:\/\/api.w.org\/{rel}","templated":true}]}}